{"id":115,"date":"2022-12-05T16:55:58","date_gmt":"2022-12-05T15:55:58","guid":{"rendered":"https:\/\/cgmbw.de\/?page_id=115"},"modified":"2023-06-25T13:35:01","modified_gmt":"2023-06-25T11:35:01","slug":"jugend","status":"publish","type":"page","link":"https:\/\/cgm-bw.de\/?page_id=115","title":{"rendered":"Jugend"},"content":{"rendered":"\n<p>Wir sind nicht nur \u00fcber Mandatstr\u00e4ger in der Jugend- und Auszubildenden-Vertretung in den Betrieb vor Ort aktiv sondern helfen auch weit im Vorfeld bei der beruflichen Orientierung, Pr\u00fcfungsvorbereitung und sorgen \u00fcber unsere Tarifvertr\u00e4ge f\u00fcr eine gesicherte und leistungsgerechte Ausbildungsverg\u00fctung.<br><br>Vielf\u00e4ltige Freizeitaktivit\u00e4ten und Schulungen zur Jugendleitung sind dabei in unserer Gewerkschaft im Angebot.<br><br>Bei Interesse wenden Euch gerne an unsere Gesch\u00e4ftsstelle oder Ansprechpartner in den Regionen und Betrieben oder nehmt Kontakt \u00fcber das Formular zu uns auf.<br><br>Wir freuen uns auf Euch.<\/p>\n","protected":false},"excerpt":{"rendered":"<p>Wir sind nicht nur \u00fcber Mandatstr\u00e4ger in der Jugend- und Auszubildenden-Vertretung in den Betrieb vor Ort aktiv sondern helfen auch weit im Vorfeld bei der beruflichen Orientierung, Pr\u00fcfungsvorbereitung und sorgen \u00fcber unsere Tarifvertr\u00e4ge f\u00fcr eine gesicherte und leistungsgerechte Ausbildungsverg\u00fctung. Vielf\u00e4ltige Freizeitaktivit\u00e4ten und Schulungen zur Jugendleitung sind dabei in unserer Gewerkschaft im Angebot. Bei Interesse wenden &hellip; <\/p>\n<p class=\"link-more\"><a href=\"https:\/\/cgm-bw.de\/?page_id=115\" class=\"more-link\">Mehr <span class=\"screen-reader-text\">\u00fcber &#8222;Jugend&#8220; <\/span>Lesen<\/a><\/p>\n","protected":false},"author":1,"featured_media":0,"parent":0,"menu_order":0,"comment_status":"closed","ping_status":"closed","template":"","meta":{"footnotes":""},"class_list":["post-115","page","type-page","status-publish","hentry"],"_links":{"self":[{"href":"https:\/\/cgm-bw.de\/index.php?rest_route=\/wp\/v2\/pages\/115","targetHints":{"allow":["GET"]}}],"collection":[{"href":"https:\/\/cgm-bw.de\/index.php?rest_route=\/wp\/v2\/pages"}],"about":[{"href":"https:\/\/cgm-bw.de\/index.php?rest_route=\/wp\/v2\/types\/page"}],"author":[{"embeddable":true,"href":"https:\/\/cgm-bw.de\/index.php?rest_route=\/wp\/v2\/users\/1"}],"replies":[{"embeddable":true,"href":"https:\/\/cgm-bw.de\/index.php?rest_route=%2Fwp%2Fv2%2Fcomments&post=115"}],"version-history":[{"count":3,"href":"https:\/\/cgm-bw.de\/index.php?rest_route=\/wp\/v2\/pages\/115\/revisions"}],"predecessor-version":[{"id":716,"href":"https:\/\/cgm-bw.de\/index.php?rest_route=\/wp\/v2\/pages\/115\/revisions\/716"}],"wp:attachment":[{"href":"https:\/\/cgm-bw.de\/index.php?rest_route=%2Fwp%2Fv2%2Fmedia&parent=115"}],"curies":[{"name":"wp","href":"https:\/\/api.w.org\/{rel}","templated":true}]}}