{"id":1524,"date":"2025-07-07T08:14:31","date_gmt":"2025-07-07T06:14:31","guid":{"rendered":"https:\/\/cgm-bw.de\/?page_id=1524"},"modified":"2026-03-30T12:47:18","modified_gmt":"2026-03-30T10:47:18","slug":"deine-betriebsraete-im-werk-sindelfingen","status":"publish","type":"page","link":"https:\/\/cgm-bw.de\/?page_id=1524","title":{"rendered":"Deine Betriebsr\u00e4te im Werk Sindelfingen"},"content":{"rendered":"\n<p class=\"has-text-align-center\">Ihr findet unser B\u00fcro im Werk Sindelfingen Geb\u00e4ude: 34 EG Eingang K<\/p>\n\n\n\n<p class=\"has-text-align-center\">Gegen\u00fcber Geb\u00e4ude 3\/7 <\/p>\n\n\n\n<p class=\"has-text-align-center\"><\/p>\n\n\n\n<p class=\"has-text-align-left\"><\/p>\n\n\n\n<figure class=\"wp-block-image aligncenter size-full is-resized\"><img loading=\"lazy\" decoding=\"async\" width=\"214\" height=\"320\" src=\"https:\/\/cgm-bw.de\/wp-content\/uploads\/2025\/08\/Dirk-2-5-edited.jpg\" alt=\"\" class=\"wp-image-1608\" style=\"width:241px;height:auto\" srcset=\"https:\/\/cgm-bw.de\/wp-content\/uploads\/2025\/08\/Dirk-2-5-edited.jpg 214w, https:\/\/cgm-bw.de\/wp-content\/uploads\/2025\/08\/Dirk-2-5-edited-201x300.jpg 201w\" sizes=\"auto, (max-width: 214px) 100vw, 214px\" \/><figcaption class=\"wp-element-caption\"><strong>Dirk Junger: 0176 309 551 90<\/strong><\/figcaption><\/figure>\n\n\n\n<p class=\"has-text-align-center\"><\/p>\n\n\n\n<figure class=\"wp-block-image aligncenter size-full is-resized\"><img loading=\"lazy\" decoding=\"async\" width=\"285\" height=\"427\" src=\"https:\/\/cgm-bw.de\/wp-content\/uploads\/2025\/08\/Martina-2-edited.jpg\" alt=\"\" class=\"wp-image-1610\" style=\"width:246px;height:auto\" srcset=\"https:\/\/cgm-bw.de\/wp-content\/uploads\/2025\/08\/Martina-2-edited.jpg 285w, https:\/\/cgm-bw.de\/wp-content\/uploads\/2025\/08\/Martina-2-edited-200x300.jpg 200w\" sizes=\"auto, (max-width: 285px) 100vw, 285px\" \/><figcaption class=\"wp-element-caption\"><strong>Martina Sch\u00f6ck: 0176 309 562 85<\/strong><\/figcaption><\/figure>\n\n\n\n<p class=\"has-text-align-right\"><\/p>\n\n\n\n<figure class=\"wp-block-image aligncenter size-full is-resized\"><img loading=\"lazy\" decoding=\"async\" width=\"285\" height=\"427\" src=\"https:\/\/cgm-bw.de\/wp-content\/uploads\/2025\/08\/Abdullah-1-edited.jpg\" alt=\"\" class=\"wp-image-1611\" style=\"width:236px;height:auto\" srcset=\"https:\/\/cgm-bw.de\/wp-content\/uploads\/2025\/08\/Abdullah-1-edited.jpg 285w, https:\/\/cgm-bw.de\/wp-content\/uploads\/2025\/08\/Abdullah-1-edited-200x300.jpg 200w\" sizes=\"auto, (max-width: 285px) 100vw, 285px\" \/><figcaption class=\"wp-element-caption\"><strong>Abdullah Akillilar: 0160 861 195 1<\/strong><\/figcaption><\/figure>\n","protected":false},"excerpt":{"rendered":"<p>Ihr findet unser B\u00fcro im Werk Sindelfingen Geb\u00e4ude: 34 EG Eingang K Gegen\u00fcber Geb\u00e4ude 3\/7<\/p>\n","protected":false},"author":11,"featured_media":0,"parent":0,"menu_order":0,"comment_status":"closed","ping_status":"closed","template":"","meta":{"footnotes":""},"class_list":["post-1524","page","type-page","status-publish","hentry"],"_links":{"self":[{"href":"https:\/\/cgm-bw.de\/index.php?rest_route=\/wp\/v2\/pages\/1524","targetHints":{"allow":["GET"]}}],"collection":[{"href":"https:\/\/cgm-bw.de\/index.php?rest_route=\/wp\/v2\/pages"}],"about":[{"href":"https:\/\/cgm-bw.de\/index.php?rest_route=\/wp\/v2\/types\/page"}],"author":[{"embeddable":true,"href":"https:\/\/cgm-bw.de\/index.php?rest_route=\/wp\/v2\/users\/11"}],"replies":[{"embeddable":true,"href":"https:\/\/cgm-bw.de\/index.php?rest_route=%2Fwp%2Fv2%2Fcomments&post=1524"}],"version-history":[{"count":24,"href":"https:\/\/cgm-bw.de\/index.php?rest_route=\/wp\/v2\/pages\/1524\/revisions"}],"predecessor-version":[{"id":1716,"href":"https:\/\/cgm-bw.de\/index.php?rest_route=\/wp\/v2\/pages\/1524\/revisions\/1716"}],"wp:attachment":[{"href":"https:\/\/cgm-bw.de\/index.php?rest_route=%2Fwp%2Fv2%2Fmedia&parent=1524"}],"curies":[{"name":"wp","href":"https:\/\/api.w.org\/{rel}","templated":true}]}}