{"id":312,"date":"2022-12-19T09:29:30","date_gmt":"2022-12-19T08:29:30","guid":{"rendered":"https:\/\/cgmbw.de\/?page_id=312"},"modified":"2022-12-19T09:31:10","modified_gmt":"2022-12-19T08:31:10","slug":"fuer-mitglieder","status":"publish","type":"page","link":"https:\/\/cgm-bw.de\/?page_id=312","title":{"rendered":"f\u00fcr Mitglieder"},"content":{"rendered":"\n<p>Dieser Bereich informiert \u00fcber das Frauennetzwerk und die Gesch\u00e4ftsstellen der CGM in Baden-W\u00fcrttemberg und stellt Downloads zur Verf\u00fcgung. Viel Spa\u00df!<\/p>\n","protected":false},"excerpt":{"rendered":"<p>Dieser Bereich informiert \u00fcber das Frauennetzwerk und die Gesch\u00e4ftsstellen der CGM in Baden-W\u00fcrttemberg und stellt Downloads zur Verf\u00fcgung. Viel Spa\u00df!<\/p>\n","protected":false},"author":1,"featured_media":0,"parent":0,"menu_order":0,"comment_status":"closed","ping_status":"closed","template":"","meta":{"footnotes":""},"class_list":["post-312","page","type-page","status-publish","hentry"],"_links":{"self":[{"href":"https:\/\/cgm-bw.de\/index.php?rest_route=\/wp\/v2\/pages\/312","targetHints":{"allow":["GET"]}}],"collection":[{"href":"https:\/\/cgm-bw.de\/index.php?rest_route=\/wp\/v2\/pages"}],"about":[{"href":"https:\/\/cgm-bw.de\/index.php?rest_route=\/wp\/v2\/types\/page"}],"author":[{"embeddable":true,"href":"https:\/\/cgm-bw.de\/index.php?rest_route=\/wp\/v2\/users\/1"}],"replies":[{"embeddable":true,"href":"https:\/\/cgm-bw.de\/index.php?rest_route=%2Fwp%2Fv2%2Fcomments&post=312"}],"version-history":[{"count":2,"href":"https:\/\/cgm-bw.de\/index.php?rest_route=\/wp\/v2\/pages\/312\/revisions"}],"predecessor-version":[{"id":315,"href":"https:\/\/cgm-bw.de\/index.php?rest_route=\/wp\/v2\/pages\/312\/revisions\/315"}],"wp:attachment":[{"href":"https:\/\/cgm-bw.de\/index.php?rest_route=%2Fwp%2Fv2%2Fmedia&parent=312"}],"curies":[{"name":"wp","href":"https:\/\/api.w.org\/{rel}","templated":true}]}}