{"id":316,"date":"2022-12-19T10:08:34","date_gmt":"2022-12-19T09:08:34","guid":{"rendered":"https:\/\/cgmbw.de\/?page_id=316"},"modified":"2022-12-19T10:15:30","modified_gmt":"2022-12-19T09:15:30","slug":"frauennetzwerk","status":"publish","type":"page","link":"https:\/\/cgm-bw.de\/?page_id=316","title":{"rendered":"Frauennetzwerk"},"content":{"rendered":"\n<figure class=\"wp-block-image alignfull size-large is-style-default\"><img loading=\"lazy\" decoding=\"async\" width=\"1024\" height=\"410\" src=\"https:\/\/cgmbw.de\/wp-content\/uploads\/2022\/12\/Frauennetzwerk-CGM_V3-1-1024x410.jpg\" alt=\"\" class=\"wp-image-328\" srcset=\"https:\/\/cgm-bw.de\/wp-content\/uploads\/2022\/12\/Frauennetzwerk-CGM_V3-1-1024x410.jpg 1024w, https:\/\/cgm-bw.de\/wp-content\/uploads\/2022\/12\/Frauennetzwerk-CGM_V3-1-300x120.jpg 300w, https:\/\/cgm-bw.de\/wp-content\/uploads\/2022\/12\/Frauennetzwerk-CGM_V3-1-768x307.jpg 768w, https:\/\/cgm-bw.de\/wp-content\/uploads\/2022\/12\/Frauennetzwerk-CGM_V3-1-1536x614.jpg 1536w, https:\/\/cgm-bw.de\/wp-content\/uploads\/2022\/12\/Frauennetzwerk-CGM_V3-1-2048x819.jpg 2048w, https:\/\/cgm-bw.de\/wp-content\/uploads\/2022\/12\/Frauennetzwerk-CGM_V3-1-1568x627.jpg 1568w\" sizes=\"auto, (max-width: 1024px) 100vw, 1024px\" \/><\/figure>\n\n\n\n<p>Im Frauennetzwerk der CGM organisieren sich <strong>weibliche Mitglieder der CGM<\/strong>. Bei uns engagieren sich unter anderem auch CGM-Betriebsr\u00e4tinnen und CGM-Aufsichtsr\u00e4tinnen der <strong>deutschen DAX-Unternehmen<\/strong>. Das Netzwerk setzt sich f\u00fcr eine authentische <strong>Gleichstellung<\/strong> in den Unternehmen der Elektro- und Metallindustrie sowie den IT-Unternehmen ein. <\/p>\n\n\n\n<figure class=\"wp-block-image size-large\"><img loading=\"lazy\" decoding=\"async\" width=\"1024\" height=\"646\" src=\"https:\/\/cgmbw.de\/wp-content\/uploads\/2022\/12\/Netzwerk_social-media-3846597-1024x646.png\" alt=\"\" class=\"wp-image-330\" srcset=\"https:\/\/cgm-bw.de\/wp-content\/uploads\/2022\/12\/Netzwerk_social-media-3846597-1024x646.png 1024w, https:\/\/cgm-bw.de\/wp-content\/uploads\/2022\/12\/Netzwerk_social-media-3846597-300x189.png 300w, https:\/\/cgm-bw.de\/wp-content\/uploads\/2022\/12\/Netzwerk_social-media-3846597-768x484.png 768w, https:\/\/cgm-bw.de\/wp-content\/uploads\/2022\/12\/Netzwerk_social-media-3846597-1536x969.png 1536w, https:\/\/cgm-bw.de\/wp-content\/uploads\/2022\/12\/Netzwerk_social-media-3846597-1568x989.png 1568w, https:\/\/cgm-bw.de\/wp-content\/uploads\/2022\/12\/Netzwerk_social-media-3846597.png 1920w\" sizes=\"auto, (max-width: 1024px) 100vw, 1024px\" \/><\/figure>\n\n\n\n<p>Anerkennung, Wertsch\u00e4tzung und F\u00f6rderung sind die Voraussetzung f\u00fcr eine erfolgreiche Frauenpolitik, die in die Unternehmen hineingetragen und dort nachhaltig umgesetzt werden muss.<br>Das Netzwerk steht auch interessierten, m\u00e4nnlichen Kollegen offen.<\/p>\n\n\n\n<p>Kontakt: <a href=\"mailto:Frauennetzwerk@cgm.de\">Frauennetzwerk@cgm.de<\/a><\/p>\n","protected":false},"excerpt":{"rendered":"<p>Im Frauennetzwerk der CGM organisieren sich weibliche Mitglieder der CGM. Bei uns engagieren sich unter anderem auch CGM-Betriebsr\u00e4tinnen und CGM-Aufsichtsr\u00e4tinnen der deutschen DAX-Unternehmen. Das Netzwerk setzt sich f\u00fcr eine authentische Gleichstellung in den Unternehmen der Elektro- und Metallindustrie sowie den IT-Unternehmen ein. Anerkennung, Wertsch\u00e4tzung und F\u00f6rderung sind die Voraussetzung f\u00fcr eine erfolgreiche Frauenpolitik, die in &hellip; <\/p>\n<p class=\"link-more\"><a href=\"https:\/\/cgm-bw.de\/?page_id=316\" class=\"more-link\">Mehr <span class=\"screen-reader-text\">\u00fcber &#8222;Frauennetzwerk&#8220; <\/span>Lesen<\/a><\/p>\n","protected":false},"author":1,"featured_media":0,"parent":0,"menu_order":0,"comment_status":"closed","ping_status":"closed","template":"","meta":{"footnotes":""},"class_list":["post-316","page","type-page","status-publish","hentry"],"_links":{"self":[{"href":"https:\/\/cgm-bw.de\/index.php?rest_route=\/wp\/v2\/pages\/316","targetHints":{"allow":["GET"]}}],"collection":[{"href":"https:\/\/cgm-bw.de\/index.php?rest_route=\/wp\/v2\/pages"}],"about":[{"href":"https:\/\/cgm-bw.de\/index.php?rest_route=\/wp\/v2\/types\/page"}],"author":[{"embeddable":true,"href":"https:\/\/cgm-bw.de\/index.php?rest_route=\/wp\/v2\/users\/1"}],"replies":[{"embeddable":true,"href":"https:\/\/cgm-bw.de\/index.php?rest_route=%2Fwp%2Fv2%2Fcomments&post=316"}],"version-history":[{"count":5,"href":"https:\/\/cgm-bw.de\/index.php?rest_route=\/wp\/v2\/pages\/316\/revisions"}],"predecessor-version":[{"id":331,"href":"https:\/\/cgm-bw.de\/index.php?rest_route=\/wp\/v2\/pages\/316\/revisions\/331"}],"wp:attachment":[{"href":"https:\/\/cgm-bw.de\/index.php?rest_route=%2Fwp%2Fv2%2Fmedia&parent=316"}],"curies":[{"name":"wp","href":"https:\/\/api.w.org\/{rel}","templated":true}]}}