{"id":345,"date":"2022-12-20T08:59:46","date_gmt":"2022-12-20T07:59:46","guid":{"rendered":"https:\/\/cgmbw.de\/?page_id=345"},"modified":"2022-12-20T08:59:46","modified_gmt":"2022-12-20T07:59:46","slug":"links","status":"publish","type":"page","link":"https:\/\/cgm-bw.de\/?page_id=345","title":{"rendered":"Links"},"content":{"rendered":"\n<p class=\"has-text-align-center\"><strong>Berufsbildungsst\u00e4tte der CGM e.V.<\/strong><\/p>\n\n\n\n<figure class=\"wp-block-image aligncenter size-thumbnail\"><img loading=\"lazy\" decoding=\"async\" width=\"150\" height=\"150\" src=\"https:\/\/cgmbw.de\/wp-content\/uploads\/2022\/12\/BBS-CGM_Logo-150x150.png\" alt=\"bbs-cgm.de\" class=\"wp-image-346\"\/><figcaption class=\"wp-element-caption\"><a href=\"https:\/\/bbs-cgm.de\">www.bbs-cgm.de<\/a><\/figcaption><\/figure>\n\n\n\n<p class=\"has-text-align-center\"><strong>Landesverb\u00e4nde:<br><\/strong><a href=\"https:\/\/www.cgm-bw.de\">www.cgm-bw.de<\/a><br><\/p>\n\n\n\n<p class=\"has-text-align-center\"><strong>Bezirksverb\u00e4nde:<\/strong><\/p>\n\n\n\n<p class=\"has-text-align-center\">CGM-Bezirksverband Ostw\u00fcrttemberg<br><a href=\"http:\/\/www.cgm-ostwuerttemberg.de\/\">www.cgm-ostwuerttemberg.de<\/a><br><br>CGM-Bezirksverband Heilbronn-Hohenlohe<br><a href=\"http:\/\/www.cgm-heilbronn-hohenlohe.de\/\">www.cgm-heilbronn-hohenlohe.de<\/a><br><br>Bosch Reutlingen<br><a rel=\"noreferrer noopener\" href=\"http:\/\/www.cgm-reutlingen.de\/\" target=\"_blank\">www.cgm-reutlingen.de<\/a><br><br><br><br><strong>Betriebsgruppen:<br><\/strong><br>H\u00f6rmann Automotive Penzberg<br><a rel=\"noreferrer noopener\" href=\"http:\/\/penzberg.cgm.de\/\" target=\"_blank\">penzberg.cgm.de<\/a><br><br>Audi Ingolstadt<br><a rel=\"noreferrer noopener\" href=\"http:\/\/www.cgm-audi.de\/\" target=\"_blank\">www.cgm-audi.de<\/a><br><br>Dillinger H\u00fcttenwerke AG<br><a rel=\"noreferrer noopener\" href=\"http:\/\/www.cgm-dillingerhuette.de\/\" target=\"_blank\">www.cgm-dillingerhuette.de<\/a><\/p>\n\n\n\n<p class=\"has-text-align-center\">Ford Saarlouis<br><a href=\"http:\/\/www.cgm-ford-sls.de\/\" target=\"_blank\" rel=\"noreferrer noopener\">www.cgm-ford-sls.de<\/a><\/p>\n\n\n\n<p class=\"has-text-align-center\">MTU Friedrichshafen GmbH &amp; Rolls-Royce Power Systems AG<br><a href=\"http:\/\/www.cgm-mtu.de\/\" target=\"_blank\" rel=\"noreferrer noopener\">www.cgm-mtu.de<\/a><br><br>Volkswagen AG Wolfsburg<br><a href=\"http:\/\/www.cgm-wob.de\/\" target=\"_blank\" rel=\"noreferrer noopener\">www.cgm-wob.de<\/a><br><br>ZF Friedrichshafen<br><a href=\"http:\/\/cgm-zff.de\/\" target=\"_blank\" rel=\"noreferrer noopener\">cgm-zff.de<\/a><\/p>\n","protected":false},"excerpt":{"rendered":"<p>Berufsbildungsst\u00e4tte der CGM e.V. Landesverb\u00e4nde:www.cgm-bw.de Bezirksverb\u00e4nde: CGM-Bezirksverband Ostw\u00fcrttembergwww.cgm-ostwuerttemberg.de CGM-Bezirksverband Heilbronn-Hohenlohewww.cgm-heilbronn-hohenlohe.de Bosch Reutlingenwww.cgm-reutlingen.de Betriebsgruppen:H\u00f6rmann Automotive Penzbergpenzberg.cgm.de Audi Ingolstadtwww.cgm-audi.de Dillinger H\u00fcttenwerke AGwww.cgm-dillingerhuette.de Ford Saarlouiswww.cgm-ford-sls.de MTU Friedrichshafen GmbH &amp; Rolls-Royce Power Systems AGwww.cgm-mtu.de Volkswagen AG Wolfsburgwww.cgm-wob.de ZF Friedrichshafencgm-zff.de<\/p>\n","protected":false},"author":1,"featured_media":0,"parent":0,"menu_order":0,"comment_status":"closed","ping_status":"closed","template":"","meta":{"footnotes":""},"class_list":["post-345","page","type-page","status-publish","hentry"],"_links":{"self":[{"href":"https:\/\/cgm-bw.de\/index.php?rest_route=\/wp\/v2\/pages\/345","targetHints":{"allow":["GET"]}}],"collection":[{"href":"https:\/\/cgm-bw.de\/index.php?rest_route=\/wp\/v2\/pages"}],"about":[{"href":"https:\/\/cgm-bw.de\/index.php?rest_route=\/wp\/v2\/types\/page"}],"author":[{"embeddable":true,"href":"https:\/\/cgm-bw.de\/index.php?rest_route=\/wp\/v2\/users\/1"}],"replies":[{"embeddable":true,"href":"https:\/\/cgm-bw.de\/index.php?rest_route=%2Fwp%2Fv2%2Fcomments&post=345"}],"version-history":[{"count":1,"href":"https:\/\/cgm-bw.de\/index.php?rest_route=\/wp\/v2\/pages\/345\/revisions"}],"predecessor-version":[{"id":347,"href":"https:\/\/cgm-bw.de\/index.php?rest_route=\/wp\/v2\/pages\/345\/revisions\/347"}],"wp:attachment":[{"href":"https:\/\/cgm-bw.de\/index.php?rest_route=%2Fwp%2Fv2%2Fmedia&parent=345"}],"curies":[{"name":"wp","href":"https:\/\/api.w.org\/{rel}","templated":true}]}}