{"id":394,"date":"2023-04-24T16:33:28","date_gmt":"2023-04-24T14:33:28","guid":{"rendered":"https:\/\/cgm-bw.de\/?page_id=394"},"modified":"2024-09-20T10:47:17","modified_gmt":"2024-09-20T08:47:17","slug":"test-formular-iframe","status":"publish","type":"page","link":"https:\/\/cgm-bw.de\/?page_id=394","title":{"rendered":"Mitglied werden"},"content":{"rendered":"\n<p>Hier k\u00f6nnen Sie den Aufnahmeantrag online ausf\u00fcllen und absenden.<br><br>Alternativ k\u00f6nnen Sie auch einen Mitgliedsantrag in unseren <a href=\"https:\/\/cgm-bw.de\/?page_id=332\" data-type=\"page\" data-id=\"332\">Downloads<\/a> herunterladen und ausdrucken.<\/p>\n\n\n\n<center><iframe loading=\"lazy\" src=\"https:\/\/cgm.de\/formular\/\" title=\"interaktiver Mitgliedsantrag CGM.de\" width=\"1024\" height=\"900\"><\/iframe><\/center>\n\n\n\n<p><\/p>\n","protected":false},"excerpt":{"rendered":"<p>Hier k\u00f6nnen Sie den Aufnahmeantrag online ausf\u00fcllen und absenden. Alternativ k\u00f6nnen Sie auch einen Mitgliedsantrag in unseren Downloads herunterladen und ausdrucken.<\/p>\n","protected":false},"author":1,"featured_media":0,"parent":0,"menu_order":0,"comment_status":"closed","ping_status":"closed","template":"","meta":{"footnotes":""},"class_list":["post-394","page","type-page","status-publish","hentry"],"_links":{"self":[{"href":"https:\/\/cgm-bw.de\/index.php?rest_route=\/wp\/v2\/pages\/394","targetHints":{"allow":["GET"]}}],"collection":[{"href":"https:\/\/cgm-bw.de\/index.php?rest_route=\/wp\/v2\/pages"}],"about":[{"href":"https:\/\/cgm-bw.de\/index.php?rest_route=\/wp\/v2\/types\/page"}],"author":[{"embeddable":true,"href":"https:\/\/cgm-bw.de\/index.php?rest_route=\/wp\/v2\/users\/1"}],"replies":[{"embeddable":true,"href":"https:\/\/cgm-bw.de\/index.php?rest_route=%2Fwp%2Fv2%2Fcomments&post=394"}],"version-history":[{"count":6,"href":"https:\/\/cgm-bw.de\/index.php?rest_route=\/wp\/v2\/pages\/394\/revisions"}],"predecessor-version":[{"id":1359,"href":"https:\/\/cgm-bw.de\/index.php?rest_route=\/wp\/v2\/pages\/394\/revisions\/1359"}],"wp:attachment":[{"href":"https:\/\/cgm-bw.de\/index.php?rest_route=%2Fwp%2Fv2%2Fmedia&parent=394"}],"curies":[{"name":"wp","href":"https:\/\/api.w.org\/{rel}","templated":true}]}}