{"id":7,"date":"2022-12-05T15:21:07","date_gmt":"2022-12-05T14:21:07","guid":{"rendered":"https:\/\/cgmbw.de\/?page_id=7"},"modified":"2023-07-06T14:47:19","modified_gmt":"2023-07-06T12:47:19","slug":"kontakt","status":"publish","type":"page","link":"https:\/\/cgm-bw.de\/?page_id=7","title":{"rendered":"Kontakt"},"content":{"rendered":"\n<p><strong>F\u00fcr Anfragen aller Art nehmen Sie bitte Kontakt mit uns auf<\/strong><\/p>\n\n\n\n<p><strong>IMPRESSUM<\/strong><br>Gesch\u00e4ftsstelle Sindelfingen<br>Mercedesstr. 17 \/ I<br>71063 Sindelfingen<\/p>\n\n\n\n<p>Telefon: <a href=\"tel:(07031)%20613002-0\">(07031) 613002-0<\/a><br>Telefax: <a href=\"tel:(07031)%20613002-9\">(07031) 613002-9<\/a><br>E-Mail:   <a href=\"mailto:info@cgm-bw.de\">info@cgm-bw.de<\/a> <a href=\"mailto:sindelfingen@cgm.de\">sindelfingen@cgm.de<\/a><\/p>\n\n\n\n<p>Internetadresse: www.cgm-bw.de<br><br><strong>Datenschutzbeauftragter:<\/strong> Joachim M\u00fcller, <a rel=\"noreferrer noopener\" href=\"mailto:mueller@cgm.de\" target=\"_blank\">mueller@cgm.de<\/a><br><br><strong>Haftungshinweis:<\/strong><br>Trotz sorgf\u00e4ltiger inhaltlicher Kontrolle \u00fcbernehmen wir keine Haftung f\u00fcr die Inhalte externer Links. F\u00fcr den Inhalt der verlinkten Seiten sind ausschlie\u00dflich deren Betreiber verantwortlich.<\/p>\n\n\n\n<p><strong>Datenschutzerkl\u00e4rung:<\/strong><br>Wir, die Christliche Gewerkschaft Metall (CGM), freuen uns \u00fcber Ihren Besuch auf unserer Internetseite und Ihrem Interesse an unserer Gewerkschaft. Der Schutz Ihrer personenbezogenen Daten ist uns ein wichtiges Anliegen. Personenbezogene Daten sind Einzelangaben \u00fcber pers\u00f6nliche oder sachliche Verh\u00e4ltnisse einer bestimmten oder bestimmbaren nat\u00fcrlichen Person.<\/p>\n\n\n\n<p>Darunter fallen Informationen wie der b\u00fcrgerliche Name, die Anschrift, die Telefonnummer und das Geburtsdatum.<\/p>\n\n\n\n<p>Da diese Daten besonderen Schutz genie\u00dfen, werden sie bei uns nur im technisch erforderlichen Umfang erhoben. Nachfolgend werden wir Ihnen entsprechend unserer Pflicht erl\u00e4utern, welche Informationen wir w\u00e4hrend Ihres Besuches auf unserer Internetseite erfassen und wie diese genutzt werden.<\/p>\n\n\n\n<p>Unsere Datenschutzpraxis steht im Einklang mit den Regelungen des Bundesdatenschutzgesetzes (BDSG) und des Telemediengesetzes (TMG). Wir werden Ihre personenbezogenen Daten ausschlie\u00dflich zur Bearbeitung von Anfragen und ggf. zur Abwicklung von Bestellungen \/ Vertr\u00e4gen erheben, verarbeiten und speichern. Nur wenn Sie zuvor Ihre Einwilligung gesondert erteilt haben, erfolgt eine Nutzung Ihrer Daten auch f\u00fcr weitergehende, in der Einwilligung genau bestimmte Zwecke, z.B. f\u00fcr Informationen \u00fcber Angebote per Newsletter, etc.<\/p>\n\n\n\n<p>&nbsp;<\/p>\n\n\n\n<p>Verantwortliche Stelle i.S.d. \u00a7 13 Abs. 1 TMG<\/p>\n\n\n\n<p>Verantwortliche Stelle im Sinne des Datenschutzrechts ist:<\/p>\n\n\n\n<p>Gesch\u00e4ftsstelle Sindelfingen<br>Mercedesstr. 17 \/ I<br>71063 Sindelfingen<\/p>\n\n\n\n<p>Telefon: <a href=\"tel:(07031)%20613002-0\">(07031) 613002-0<\/a><br>Telefax: <a href=\"tel:(07031)%20613002-9\">(07031) 613002-9<\/a><br>E-Mail: <a href=\"mailto:info@cgm-bw.de\">info@cgm-bw.de<\/a><br>Internetadresse: www.cgm-bw.de<\/p>\n\n\n\n<p>&nbsp;&nbsp;<\/p>\n\n\n\n<p><strong>Pseudonymisierte Nutzung der Internetseite<\/strong><\/p>\n\n\n\n<p>Sie k\u00f6nnen unsere Internetseiten grunds\u00e4tzlich besuchen, ohne uns personenbezogene Daten mitzuteilen. Pseudonymisierte Nutzungsdaten werden nicht mit den Daten des Tr\u00e4gers des Pseudonyms zusammengef\u00fchrt. Eine Erstellung von pseudonymen Nutzungsprofilen findet nicht statt.<\/p>\n\n\n\n<p><strong>Besondere Funktionen der Internetseite<\/strong><\/p>\n\n\n\n<p>Unsere Seite bietet Ihnen verschiedene Funktionen, bei deren Nutzung von uns personenbezogene Daten erhoben, verarbeitet und gespeichert werden. Nachfolgend erkl\u00e4ren wir, was mit diesen Daten geschieht:<\/p>\n\n\n\n<p><strong>&nbsp;<\/strong><\/p>\n\n\n\n<p><strong>Kontaktformular<\/strong><\/p>\n\n\n\n<p>Die \u00fcber unser Kontaktformular aufgenommenen Daten werden wir nur f\u00fcr die Bearbeitung von Anfragen, die durch das Kontaktformular eingehen, verwenden. Nach Bearbeitung der Anfrage werden die erhobenen Daten innerhalb von sechs Monaten gel\u00f6scht.<\/p>\n\n\n\n<p><strong>&nbsp;<\/strong><\/p>\n\n\n\n<p><strong>Newsletter<\/strong><\/p>\n\n\n\n<p>Die in der Anmeldemaske unseres Newsletters aufgenommenen Daten werden von uns ausschlie\u00dflich f\u00fcr den Versand unseres Newsletters verwendet, in dem wir \u00fcber alle unsere Leistungen informieren. Wir werden Ihnen nach der Anmeldung eine Best\u00e4tigungs-E-Mail senden, in der ein Link enthalten ist, den Sie anklicken m\u00fcssen, um die Anmeldung zu unserem Newsletter abzuschlie\u00dfen (Double-Opt-In). Der Newsletter kann jederzeit durch Anklicken des Abmelde-Links abbestellt werden. Ihre Daten werden innerhalb von sechs Monaten nach der Abmeldung von uns gel\u00f6scht.<\/p>\n\n\n\n<p><strong>&nbsp;<\/strong><\/p>\n\n\n\n<p><strong>Datenweitergabe \/ Bonit\u00e4tspr\u00fcfung und Scoring \/sonstige Zwecke<\/strong><\/p>\n\n\n\n<p>Wir geben nur die Daten weiter (bspw. Name und Adresse), die f\u00fcr uns zur Erf\u00fcllung unserer Vertragsverpflichtung und f\u00fcr Dritte zur Gew\u00e4hrleistung eines reibungslosen Ablaufs, insbesondere zur Abwicklung eines geschlossenen Vertrages, n\u00f6tig sind oder wenn ihre Speicherung aus sonstigen gesetzlichen Gr\u00fcnden erforderlich ist.<\/p>\n\n\n\n<p>Wenn Sie uns pers\u00f6nliche Daten zur Verf\u00fcgung stellen, werden diese Daten nur f\u00fcr den angegebenen Zweck genutzt, dem Sie vor der Dateneingabe zugestimmt haben. Wir werden Ihre pers\u00f6nlichen Daten nur so lange speichern, wie dies f\u00fcr den vorgesehenen Zweck der Datenerhebung notwendig oder gesetzlich vorgeschrieben ist.<\/p>\n\n\n\n<p>Sofern wir in Vorleistung treten, behalten wir uns vor, zur Wahrung unserer berechtigten Interessen ggf. eine Bonit\u00e4tsauskunft auf der Basis mathematisch-statistischer Verfahren bei Wirtschaftsdiensten einzuholen. Hierzu \u00fcbermitteln wir die zu einer Bonit\u00e4tspr\u00fcfung ben\u00f6tigten, personenbezogenen Daten an Dritte und verwenden die erhaltenen Informationen \u00fcber die statistische Wahrscheinlichkeit eines Zahlungsausfalls f\u00fcr eine abgewogene Entscheidung \u00fcber die Begr\u00fcndung, Durchf\u00fchrung oder Beendigung des Vertragsverh\u00e4ltnisses. Die Bonit\u00e4tsauskunft kann Wahrscheinlichkeitswerte (Score-Werte) beinhalten, die auf Basis wissenschaftlich anerkannter, mathematisch-statistischer Verfahren berechnet werden und in deren Berechnung unter anderem Anschriftendaten einflie\u00dfen.<\/p>\n\n\n\n<p>Ihre schutzw\u00fcrdigen Belange werden gem\u00e4\u00df den gesetzlichen Bestimmungen ber\u00fccksichtigt. Sie k\u00f6nnen bei der jeweiligen Stelle eine Auskunft \u00fcber die Sie betreffenden gespeicherten Daten erhalten.<\/p>\n\n\n\n<p>Eine Weitergabe an Dritte findet au\u00dfer zu den genannten Zwecken der Bonit\u00e4tspr\u00fcfung, Vertrags- und Zahlungsabwicklung nicht statt.<\/p>\n\n\n\n<p><br><strong>Statistische Auswertung der Besuche dieser Internetseite<\/strong><\/p>\n\n\n\n<p>Wir erheben, verarbeiten und speichern bei dem Aufruf dieser Internetseite oder einzelner Dateien der Internetseite folgende Daten: IP-Adresse, Webseite, von der aus die Datei abgerufen wurde, Name der Datei, Datum und Uhrzeit des Abrufs, \u00fcbertragene Datenmenge und Meldung \u00fcber den Erfolg des Abrufs (sog. Web-Log). Diese Zugriffsdaten verwenden wir ausschlie\u00dflich in nicht personalisierter Form f\u00fcr die stetige Verbesserung unseres Internetangebots und zu statistischen Zwecken.<\/p>\n\n\n\n<p>&nbsp;<\/p>\n\n\n\n<p><strong>Google Analytics<\/strong><\/p>\n\n\n\n<p>Diese Webseite benutzt Google Analytics, einen Webanalysedienst der Google Inc. (nachfolgend: Google). Google Analytics verwendet sog. &#8218;Cookies&#8216;, das sind Textdateien, die auf Ihrem Computer gespeichert werden und die eine Analyse der Benutzung der Webseite durch Sie erm\u00f6glichen. Die durch den Cookie erzeugten Informationen \u00fcber Ihre Benutzung dieser Webseite werden in der Regel an einen Server von Google in den USA \u00fcbertragen und dort gespeichert.<\/p>\n\n\n\n<p>Im Falle der Aktivierung der IP-Anonymisierung auf dieser Webseite, wird Ihre IP-Adresse von Google jedoch innerhalb von Mitgliedstaaten der Europ\u00e4ischen Union oder in anderen Vertragsstaaten des Abkommens \u00fcber den Europ\u00e4ischen Wirtschaftsraum zuvor gek\u00fcrzt. Nur in Ausnahmef\u00e4llen wird die volle IP-Adresse an einen Server von Google in den USA \u00fcbertragen und dort gek\u00fcrzt. Im Auftrag des Betreibers dieser Webseite wird Google diese Informationen benutzen, um Ihre Nutzung der Webseite auszuwerten, um Reports \u00fcber die Webseitenaktivit\u00e4ten zusammenzustellen und um weitere mit der Webseitennutzung und der Internetnutzung verbundene Dienstleistungen gegen\u00fcber dem Webseitenbetreiber zu erbringen. Die im Rahmen von Google Analytics von Ihrem Browser \u00fcbermittelte IP-Adresse wird nicht mit anderen Daten von Google zusammengef\u00fchrt.<\/p>\n\n\n\n<p>Sie k\u00f6nnen die Speicherung der Cookies durch eine entsprechende Einstellung Ihrer Browser-Software verhindern; wir weisen Sie jedoch darauf hin, dass Sie in diesem Fall gegebenenfalls nicht s\u00e4mtliche Funktionen dieser Webseite nutzen k\u00f6nnen werden.<\/p>\n\n\n\n<p>Sie k\u00f6nnen dar\u00fcber hinaus die Erfassung der durch das Cookie erzeugten und auf Ihre Nutzung der Webseite bezogenen Daten (inkl. Ihrer IP-Adresse) an Google sowie die Verarbeitung dieser Daten durch Google verhindern. Laden Sie dazu das unter dem folgenden Link (http:\/\/tools.google.com\/dlpage\/gaoptout?hl=de) verf\u00fcgbare Browser-Add-on herunter und installieren Sie es.<\/p>\n\n\n\n<p>Weitere Informationen finden Sie unter http:\/\/www.google.<\/p>\n\n\n\n<p>com\/intl\/de\/analytics\/privacyoverview.html (allgemeine Informationen zu Google Analytics und Datenschutz).<\/p>\n\n\n\n<p>Wir weisen Sie darauf hin, dass auf dieser Webseite Google Analytics um den Codegat._anonymizeIp(); erweitert wurde, um eine anonymisierte Erfassung von IP-Adressen (sog. IP-Masking) zu gew\u00e4hrleisten.<\/p>\n\n\n\n<p><br><strong>Externe Inhalte \/ Verarbeitung von Daten au\u00dferhalb der EU<\/strong><\/p>\n\n\n\n<p>Auf unserer Internetseite verwenden wir aktive Java-Script Inhalte von externen Anbietern. Durch Aufruf unserer Internetseite erhalten diese externen Anbieter ggf. personenbezogene Informationen \u00fcber Ihren Besuch auf unserer Internetseite. Sie k\u00f6nnen dies verhindern, indem Sie einen Java-Script-Blocker wie z.B. das Browser-Plugin &#8218;NoScript&#8216; installieren (www.noscript.net) oder Java-Script in Ihrem Browser deaktivieren. Hierdurch kann es zu Funktionseinschr\u00e4nkungen auf Internetseiten kommen, die Sie besuchen.<\/p>\n\n\n\n<p>&nbsp;<\/p>\n\n\n\n<p><strong>Facebook<\/strong><\/p>\n\n\n\n<p>Auf unseren Seiten wird Java-Script Code des sozialen Netzwerks Facebook, 1601 South California Avenue, Palo Alto, CA 94304, USA (Facebook) nachgeladen. Wenn Sie in Ihrem Browser Java-Script aktiviert und keinen Java-Script-Blocker installiert haben, wird Ihr Browser ggf. personenbezogene<\/p>\n\n\n\n<p>Daten an Facebook \u00fcbermitteln. Uns ist nicht bekannt, welche Daten Facebook mit den erhaltenen Daten verkn\u00fcpft und zu welchen Zwecken Facebook diese Daten verwendet. Weitere Informationen hierzu finden Sie in der Datenschutzerkl\u00e4rung von Facebook. Wenn Sie nicht w\u00fcnschen, dass Facebook den Besuch unserer Seiten Ihrem Facebook-Konto zuordnen kann, loggen Sie sich bitte aus Ihrem Facebook-Benutzerkonto aus und blockieren Sie die Ausf\u00fchrung von Java-Script in Ihrem Browser.<\/p>\n\n\n\n<p>&nbsp;<\/p>\n\n\n\n<p><strong>Unterrichtung \u00fcber die Nutzung von Cookies<\/strong><\/p>\n\n\n\n<p>Auf verschiedenen Seiten verwenden wir Cookies, um den Besuch unserer Webseite attraktiv zu gestalten und die Nutzung bestimmter Funktionen zu erm\u00f6glichen. Bei den sog. &#8218;Cookies&#8216; handelt es sich um kleine Textdateien, die Ihr Browser auf Ihrem Rechner ablegen kann. Der Vorgang des Ablegens einer Cookie-Datei wird auch &#8218;ein Cookie setzen&#8216; genannt. Sie k\u00f6nnen Ihren Browser selbst nach Ihren W\u00fcnschen so einstellen, dass Sie \u00fcber das Setzen von Cookies informiert werden, von Fall zu Fall \u00fcber die Annahme entscheiden oder die Annahme von Cookies grunds\u00e4tzlich akzeptieren oder grunds\u00e4tzlich ausschlie\u00dfen. Cookies k\u00f6nnen zu unterschiedlichen Zwecken eingesetzt werden, z.B. um zu erkennen, dass Ihr PC schon einmal eine Verbindung zu einem Webangebot hatte (dauerhafte Cookies) oder um zuletzt angesehene Angebote zu speichern (Sitzungs-Cookies). Wir setzen Cookies ein, um Ihnen einen gesteigerten Benutzerkomfort zu bieten. Unseren Partnerunternehmen ist es jedoch nicht gestattet bzw. es ist den Partnern technisch unm\u00f6glich, \u00fcber unsere Webseite personenbezogene Daten mittels Cookies zu erlangen, zu verarbeiten oder zu nutzen.<\/p>\n\n\n\n<p>Die meisten der von uns verwendeten Cookies werden nach Ende der Browser-Sitzung wieder von Ihrer Festplatte gel\u00f6scht (Sitzungs-Cookies). Andere Cookies verbleiben auf Ihrem Rechner und erm\u00f6glichen es uns, Ihren Rechner bei Ihrem n\u00e4chsten Besuch wieder zu erkennen (dauerhafte<\/p>\n\n\n\n<p>Cookies). Durch die Art und Weise wie wir Cookies einsetzen, entstehen Ihnen weder Nachteile noch Risiken. Um unsere Komfortfunktionen zu nutzen, empfehlen wir Ihnen, die Annahme von Cookies f\u00fcr unser Webangebot zu erlauben.<\/p>\n\n\n\n<p>&nbsp;<\/p>\n\n\n\n<p><strong>Datensicherheit und Datenschutz, Kommunikation per E-Mail<\/strong><\/p>\n\n\n\n<p>Ihre personenbezogenen Daten werden durch Ergreifung aller technischen und organisatorischen M\u00f6glichkeiten so gespeichert, dass sie f\u00fcr Dritte nicht zug\u00e4nglich sind. Bei der Kommunikation per E-Mail kann die vollst\u00e4ndige Datensicherheit von uns nicht gew\u00e4hrleistet werden, sodass wir Ihnen bei Informationen mit hohem Geheimhaltungsbed\u00fcrfnis den Postweg empfehlen.<\/p>\n\n\n\n<p><strong>&nbsp;<\/strong><\/p>\n\n\n\n<p><strong>Ansprechpartner f\u00fcr Fragen des Datenschutzes \u2013 Datenschutzbeauftragter<\/strong><\/p>\n\n\n\n<p>In Fragen des Datenschutzes steht Ihnen unser Datenschutzbeauftragter zur Verf\u00fcgung:<\/p>\n\n\n\n<p>Gesch\u00e4ftsstelle Sindelfingen<br>Mercedesstr. 17 \/ I<br>71063 Sindelfingen<\/p>\n\n\n\n<p>Telefon: <a href=\"tel:(07031)%20613002-0\">(07031) 613002-0<\/a><br>Telefax: <a href=\"tel:(07031)%20613002-9\">(07031) 613002-9<\/a><br>E-Mail: <a href=\"mailto:info@cgm-bw.de\">info@cgm-bw.de<\/a><br>Internetadresse: www.cgm-bw.de&nbsp;<\/p>\n\n\n\n<p><strong>Widerruf von Einwilligungen \u2013 Datenausk\u00fcnfte und \u00c4nderungsw\u00fcnsche<\/strong><\/p>\n\n\n\n<p>Nach dem Bundesdatenschutzgesetz haben Sie ein Recht auf unentgeltliche Auskunft \u00fcber Ihre gespeicherten Daten sowie ggf. ein Recht auf Berichtigung, Sperrung oder L\u00f6schung dieser Daten. Ihre Daten werden dann gel\u00f6scht, falls dem nicht gesetzliche Regelungen entgegenstehen. Sie k\u00f6nnen eine uns erteilte Erlaubnis, Ihre pers\u00f6nlichen Daten zu nutzen, jederzeit widerrufen. Auskunfts-, L\u00f6schungs- und Berichtigungsw\u00fcnsche zu Ihren Daten und gerne auch Anregungen k\u00f6nnen Sie jederzeit an folgende Adresse senden:<\/p>\n\n\n\n<p>Gesch\u00e4ftsstelle Sindelfingen<br>Mercedesstr. 17 \/ I<br>71063 Sindelfingen<\/p>\n\n\n\n<p>Telefon: <a href=\"tel:(07031)%20613002-0\">(07031) 613002-0<\/a><br>Telefax: <a href=\"tel:(07031)%20613002-9\">(07031) 613002-9<\/a><br>E-Mail: <a href=\"mailto:info@cgm-bw.de\">info@cgm-bw.de<\/a><br>Internetadresse: www.cgm-bw.de<\/p>\n","protected":false},"excerpt":{"rendered":"<p>F\u00fcr Anfragen aller Art nehmen Sie bitte Kontakt mit uns auf IMPRESSUMGesch\u00e4ftsstelle SindelfingenMercedesstr. 17 \/ I71063 Sindelfingen Telefon: (07031) 613002-0Telefax: (07031) 613002-9E-Mail: info@cgm-bw.de sindelfingen@cgm.de Internetadresse: www.cgm-bw.de Datenschutzbeauftragter: Joachim M\u00fcller, mueller@cgm.de Haftungshinweis:Trotz sorgf\u00e4ltiger inhaltlicher Kontrolle \u00fcbernehmen wir keine Haftung f\u00fcr die Inhalte externer Links. F\u00fcr den Inhalt der verlinkten Seiten sind ausschlie\u00dflich deren Betreiber verantwortlich. Datenschutzerkl\u00e4rung:Wir, &hellip; <\/p>\n<p class=\"link-more\"><a href=\"https:\/\/cgm-bw.de\/?page_id=7\" class=\"more-link\">Mehr <span class=\"screen-reader-text\">\u00fcber &#8222;Kontakt&#8220; <\/span>Lesen<\/a><\/p>\n","protected":false},"author":1,"featured_media":0,"parent":0,"menu_order":0,"comment_status":"closed","ping_status":"closed","template":"","meta":{"footnotes":""},"class_list":["post-7","page","type-page","status-publish","hentry"],"_links":{"self":[{"href":"https:\/\/cgm-bw.de\/index.php?rest_route=\/wp\/v2\/pages\/7","targetHints":{"allow":["GET"]}}],"collection":[{"href":"https:\/\/cgm-bw.de\/index.php?rest_route=\/wp\/v2\/pages"}],"about":[{"href":"https:\/\/cgm-bw.de\/index.php?rest_route=\/wp\/v2\/types\/page"}],"author":[{"embeddable":true,"href":"https:\/\/cgm-bw.de\/index.php?rest_route=\/wp\/v2\/users\/1"}],"replies":[{"embeddable":true,"href":"https:\/\/cgm-bw.de\/index.php?rest_route=%2Fwp%2Fv2%2Fcomments&post=7"}],"version-history":[{"count":6,"href":"https:\/\/cgm-bw.de\/index.php?rest_route=\/wp\/v2\/pages\/7\/revisions"}],"predecessor-version":[{"id":715,"href":"https:\/\/cgm-bw.de\/index.php?rest_route=\/wp\/v2\/pages\/7\/revisions\/715"}],"wp:attachment":[{"href":"https:\/\/cgm-bw.de\/index.php?rest_route=%2Fwp%2Fv2%2Fmedia&parent=7"}],"curies":[{"name":"wp","href":"https:\/\/api.w.org\/{rel}","templated":true}]}}